{"id":1147,"date":"2023-12-18T15:23:43","date_gmt":"2023-12-18T15:23:43","guid":{"rendered":"https:\/\/merlonero.dotflorence.com\/experiences\/"},"modified":"2025-10-15T14:03:47","modified_gmt":"2025-10-15T14:03:47","slug":"esperienze","status":"publish","type":"page","link":"https:\/\/villamerlonero.com\/it\/esperienze\/","title":{"rendered":"Esperienze"},"content":{"rendered":"\t\t<div data-elementor-type=\"wp-page\" data-elementor-id=\"1147\" class=\"elementor elementor-1147\" data-elementor-post-type=\"page\">\n\t\t\t\t\t\t\t<div class=\"elementor-element elementor-element-6098bae e-flex e-con-boxed e-con e-parent\" data-id=\"6098bae\" data-element_type=\"container\" data-settings=\"{&quot;background_background&quot;:&quot;classic&quot;,&quot;jet_parallax_layout_list&quot;:[],&quot;content_width&quot;:&quot;boxed&quot;}\" data-core-v316-plus=\"true\">\n\t\t\t\t\t<div class=\"e-con-inner\">\n\t\t\t\t\t<\/div>\n\t\t\t\t<\/div>\n\t\t<div class=\"elementor-element elementor-element-7fd70878 e-flex e-con-boxed e-con e-parent\" data-id=\"7fd70878\" data-element_type=\"container\" data-settings=\"{&quot;jet_parallax_layout_list&quot;:[],&quot;content_width&quot;:&quot;boxed&quot;}\" data-core-v316-plus=\"true\">\n\t\t\t\t\t<div class=\"e-con-inner\">\n\t\t\t\t<div class=\"elementor-element elementor-element-7e2fa624 elementor-widget elementor-widget-text-editor\" data-id=\"7e2fa624\" data-element_type=\"widget\" data-widget_type=\"text-editor.default\">\n\t\t\t\t<div class=\"elementor-widget-container\">\n\t\t\t<style>\/*! elementor - v3.18.0 - 04-12-2023 *\/\n.elementor-widget-text-editor.elementor-drop-cap-view-stacked .elementor-drop-cap{background-color:#69727d;color:#fff}.elementor-widget-text-editor.elementor-drop-cap-view-framed .elementor-drop-cap{color:#69727d;border:3px solid;background-color:transparent}.elementor-widget-text-editor:not(.elementor-drop-cap-view-default) .elementor-drop-cap{margin-top:8px}.elementor-widget-text-editor:not(.elementor-drop-cap-view-default) .elementor-drop-cap-letter{width:1em;height:1em}.elementor-widget-text-editor .elementor-drop-cap{float:left;text-align:center;line-height:1;font-size:50px}.elementor-widget-text-editor .elementor-drop-cap-letter{display:inline-block}<\/style>\t\t\t\t<h2 style=\"text-align: left;\"><strong>SERVIZI ED ESPERIENZE TOSCANE<\/strong><\/h2><p style=\"text-align: left;\">Il nostro obiettivo \u00e8 creare per i nostri ospiti un&#8217;esperienza unica in Toscana e possiamo fornire assistenza nella pianificazione di ricordi speciali:<\/p><ul><li style=\"text-align: left;\">Pizza Party con un Pizzaiolo privato.<!-- notionvc: 6cb41ac0-fe08-4ad9-96dc-4f78a15d5ab0 --><\/li><li style=\"text-align: left;\">Chef privati per deliziose cene, pranzi o colazioni<\/li><li style=\"text-align: left;\">Pranzi\/cene alla griglia con la rinomata Bistecca alla Fiorentina presso la nostra griglia a bordo piscina<\/li><li style=\"text-align: left;\">Divertenti corsi di cucina e squisite degustazioni di vini<\/li><li style=\"text-align: left;\">Eventi come compleanni, anniversari, rinnovi di promesse, riunioni di famiglia<\/li><li style=\"text-align: left;\"><a href=\"\/it\/spazi-eventi\/\">Organizzazione di Matrimoni<\/a><\/li><\/ul><p style=\"text-align: left;\">Per l&#8217;organizzazione del vostro Evento, possiamo suggerirvi nomi di fornitori consigliati, coordinatori di eventi\/matrimoni o nomi di wedding planner professionali.<\/p><p style=\"text-align: left;\">Anche :<\/p><ul><li style=\"text-align: left;\">Servizi Navetta per arrivo e partenza alla Villa e\/o per gli invitati il giorno del Evento<\/li><li style=\"text-align: left;\">Tour della Toscana: personalizzati in Van privati, tutte le principali citt\u00e0 storiche toscane fino alle Cinque Terre<\/li><li style=\"text-align: left;\">Shopping prima del check-in<\/li><\/ul>\t\t\t\t\t\t<\/div>\n\t\t\t\t<\/div>\n\t\t\t\t\t<\/div>\n\t\t\t\t<\/div>\n\t\t<div class=\"elementor-element elementor-element-cb02948 e-flex e-con-boxed e-con e-parent\" data-id=\"cb02948\" data-element_type=\"container\" data-settings=\"{&quot;jet_parallax_layout_list&quot;:[],&quot;content_width&quot;:&quot;boxed&quot;}\" data-core-v316-plus=\"true\">\n\t\t\t\t\t<div class=\"e-con-inner\">\n\t\t\t\t<div class=\"elementor-element elementor-element-fd23c25 elementor-cta--layout-image-left elementor-cta--skin-classic elementor-animated-content elementor-bg-transform elementor-bg-transform-zoom-in elementor-widget elementor-widget-call-to-action\" data-id=\"fd23c25\" data-element_type=\"widget\" data-widget_type=\"call-to-action.default\">\n\t\t\t\t<div class=\"elementor-widget-container\">\n\t\t\t<link rel=\"stylesheet\" href=\"https:\/\/villamerlonero.com\/wp-content\/plugins\/elementor-pro\/assets\/css\/widget-call-to-action.min.css\">\t\t<div class=\"elementor-cta\">\n\t\t\t\t\t<div class=\"elementor-cta__bg-wrapper\">\n\t\t\t\t<div class=\"elementor-cta__bg elementor-bg\" style=\"background-image: url(https:\/\/villamerlonero.com\/wp-content\/uploads\/breakfast-2-768x1024.jpg);\" role=\"img\" aria-label=\"breakfast (2)\"><\/div>\n\t\t\t\t<div class=\"elementor-cta__bg-overlay\"><\/div>\n\t\t\t<\/div>\n\t\t\t\t\t\t\t<div class=\"elementor-cta__content\">\n\t\t\t\t\n\t\t\t\t\t\t\t\t\t<h2 class=\"elementor-cta__title elementor-cta__content-item elementor-content-item\">\n\t\t\t\t\t\tColazione\t\t\t\t\t<\/h2>\n\t\t\t\t\n\t\t\t\t\t\t\t\t\t<div class=\"elementor-cta__description elementor-cta__content-item elementor-content-item\">\n\t\t\t\t\t\t\u201cPer iniziare la giornata scelgo un caff\u00e8, per continuarla un sorriso\u201d (Stephen Littleword)<br><br>\n\nCosa c'\u00e8 di meglio che svegliarsi al mattino e trovare la colazione pronta? Uno chef privato pu\u00f2 coccolarvi ogni mattina con una deliziosa colazione britannica o continentale.\t\t\t\t\t<\/div>\n\t\t\t\t\n\t\t\t\t\t\t\t<\/div>\n\t\t\t\t\t\t<\/div>\n\t\t\t\t<\/div>\n\t\t\t\t<\/div>\n\t\t\t\t\t<\/div>\n\t\t\t\t<\/div>\n\t\t<div class=\"elementor-element elementor-element-e44bd07 e-flex e-con-boxed e-con e-parent\" data-id=\"e44bd07\" data-element_type=\"container\" data-settings=\"{&quot;jet_parallax_layout_list&quot;:[],&quot;content_width&quot;:&quot;boxed&quot;}\" data-core-v316-plus=\"true\">\n\t\t\t\t\t<div class=\"e-con-inner\">\n\t\t\t\t<div class=\"elementor-element elementor-element-3870413 elementor-cta--layout-image-right elementor-cta--skin-classic elementor-animated-content elementor-bg-transform elementor-bg-transform-zoom-in elementor-widget elementor-widget-call-to-action\" data-id=\"3870413\" data-element_type=\"widget\" data-widget_type=\"call-to-action.default\">\n\t\t\t\t<div class=\"elementor-widget-container\">\n\t\t\t\t\t<div class=\"elementor-cta\">\n\t\t\t\t\t<div class=\"elementor-cta__bg-wrapper\">\n\t\t\t\t<div class=\"elementor-cta__bg elementor-bg\" style=\"background-image: url(https:\/\/villamerlonero.com\/wp-content\/uploads\/pizza.jpg);\" role=\"img\" aria-label=\"pizza\"><\/div>\n\t\t\t\t<div class=\"elementor-cta__bg-overlay\"><\/div>\n\t\t\t<\/div>\n\t\t\t\t\t\t\t<div class=\"elementor-cta__content\">\n\t\t\t\t\n\t\t\t\t\t\t\t\t\t<h2 class=\"elementor-cta__title elementor-cta__content-item elementor-content-item\">\n\t\t\t\t\t\tSerate Pizza\t\t\t\t\t<\/h2>\n\t\t\t\t\n\t\t\t\t\t\t\t\t\t<div class=\"elementor-cta__description elementor-cta__content-item elementor-content-item\">\n\t\t\t\t\t\t\u201cPrepara una pizza con pummarola 'ncoppa e vedrai che il mondo ti sorrider\u00e0.\"\n(Pino Daniele)<br><br>\n\nUn pizzaiolo preparer\u00e0 solo per te, la tua famiglia e i tuoi amici una deliziosa pizza nel nostri forno a legna, a bordo piscina, mentre tu potrai rilassarti, con un buon bicchiere di vino, circondato dalla magica atmosfera dei nostri ulivi\t\t\t\t\t<\/div>\n\t\t\t\t\n\t\t\t\t\t\t\t<\/div>\n\t\t\t\t\t\t<\/div>\n\t\t\t\t<\/div>\n\t\t\t\t<\/div>\n\t\t\t\t\t<\/div>\n\t\t\t\t<\/div>\n\t\t<div class=\"elementor-element elementor-element-bb5d1d2 e-flex e-con-boxed e-con e-parent\" data-id=\"bb5d1d2\" data-element_type=\"container\" data-settings=\"{&quot;jet_parallax_layout_list&quot;:[],&quot;content_width&quot;:&quot;boxed&quot;}\" data-core-v316-plus=\"true\">\n\t\t\t\t\t<div class=\"e-con-inner\">\n\t\t\t\t<div class=\"elementor-element elementor-element-a69c1f5 elementor-cta--layout-image-left elementor-cta--skin-classic elementor-animated-content elementor-bg-transform elementor-bg-transform-zoom-in elementor-widget elementor-widget-call-to-action\" data-id=\"a69c1f5\" data-element_type=\"widget\" data-widget_type=\"call-to-action.default\">\n\t\t\t\t<div class=\"elementor-widget-container\">\n\t\t\t\t\t<div class=\"elementor-cta\">\n\t\t\t\t\t<div class=\"elementor-cta__bg-wrapper\">\n\t\t\t\t<div class=\"elementor-cta__bg elementor-bg\" style=\"background-image: url(https:\/\/villamerlonero.com\/wp-content\/uploads\/foto-pasta-machine.jpg);\" role=\"img\" aria-label=\"foto pasta machine\"><\/div>\n\t\t\t\t<div class=\"elementor-cta__bg-overlay\"><\/div>\n\t\t\t<\/div>\n\t\t\t\t\t\t\t<div class=\"elementor-cta__content\">\n\t\t\t\t\n\t\t\t\t\t\t\t\t\t<h2 class=\"elementor-cta__title elementor-cta__content-item elementor-content-item\">\n\t\t\t\t\t\tCorsi di cucina\t\t\t\t\t<\/h2>\n\t\t\t\t\n\t\t\t\t\t\t\t\t\t<div class=\"elementor-cta__description elementor-cta__content-item elementor-content-item\">\n\t\t\t\t\t\t\"Cucinare non significa solo leggere una ricetta: \u00e8 questione di sensibilit\u00e0, rispetto degli ingredienti e dei tempi di preparazione\u201d\n(Chef Antonino Cannavacciuolo)<br><br>\n\nLa cucina italiana, famosa in tutto il mondo, \u00e8 sinonimo di genuinit\u00e0, freschezza, variet\u00e0, condivisione e momenti indimenticabili in famiglia. Offriamo ai nostri clienti l'opportunit\u00e0 di organizzare un'esperienza unica e divertente, per scoprire la tradizione toscana e allo stesso tempo creare momenti indelebili. I corsi di cucina sono personalizzabili e molto pratici. Successivamente potr\u00e0 essere organizzata una cena con i piatti preparati durante il Corso. Questi possono essere combinati con una degustazione di vini\t\t\t\t\t<\/div>\n\t\t\t\t\n\t\t\t\t\t\t\t<\/div>\n\t\t\t\t\t\t<\/div>\n\t\t\t\t<\/div>\n\t\t\t\t<\/div>\n\t\t\t\t\t<\/div>\n\t\t\t\t<\/div>\n\t\t<div class=\"elementor-element elementor-element-084be55 e-flex e-con-boxed e-con e-parent\" data-id=\"084be55\" data-element_type=\"container\" data-settings=\"{&quot;jet_parallax_layout_list&quot;:[],&quot;content_width&quot;:&quot;boxed&quot;}\" data-core-v316-plus=\"true\">\n\t\t\t\t\t<div class=\"e-con-inner\">\n\t\t\t\t<div class=\"elementor-element elementor-element-f015331 elementor-cta--layout-image-right elementor-cta--skin-classic elementor-animated-content elementor-bg-transform elementor-bg-transform-zoom-in elementor-widget elementor-widget-call-to-action\" data-id=\"f015331\" data-element_type=\"widget\" data-widget_type=\"call-to-action.default\">\n\t\t\t\t<div class=\"elementor-widget-container\">\n\t\t\t\t\t<div class=\"elementor-cta\">\n\t\t\t\t\t<div class=\"elementor-cta__bg-wrapper\">\n\t\t\t\t<div class=\"elementor-cta__bg elementor-bg\" style=\"background-image: url(https:\/\/villamerlonero.com\/wp-content\/uploads\/details-of-the-set-table-with-focus-on-goblets1.jpg);\" role=\"img\" aria-label=\"details-of-the-set-table-with-focus-on-goblets(1)\"><\/div>\n\t\t\t\t<div class=\"elementor-cta__bg-overlay\"><\/div>\n\t\t\t<\/div>\n\t\t\t\t\t\t\t<div class=\"elementor-cta__content\">\n\t\t\t\t\n\t\t\t\t\t\t\t\t\t<h2 class=\"elementor-cta__title elementor-cta__content-item elementor-content-item\">\n\t\t\t\t\t\tDegustazione di vini\t\t\t\t\t<\/h2>\n\t\t\t\t\n\t\t\t\t\t\t\t\t\t<div class=\"elementor-cta__description elementor-cta__content-item elementor-content-item\">\n\t\t\t\t\t\t\u201cIl vino, soprattutto in Italia, \u00e8 la poesia della nostra Terra.\u201d\n(Mario Soldati)<br><br>\n\nLa Toscana, culla della regione vinicola del Chianti, offre esperienze enologiche uniche. Un'autentica esperienza di degustazione dei classici ed eccellenti vini del Chianti pu\u00f2 essere organizzata presso la nostra tenuta privata con uno dei nostri esperti sommelier, degustando anche prodotti tipici dell'azienda agricola che portano avanti le tradizioni locali.\t\t\t\t\t<\/div>\n\t\t\t\t\n\t\t\t\t\t\t\t<\/div>\n\t\t\t\t\t\t<\/div>\n\t\t\t\t<\/div>\n\t\t\t\t<\/div>\n\t\t\t\t\t<\/div>\n\t\t\t\t<\/div>\n\t\t<div class=\"elementor-element elementor-element-6927736 e-flex e-con-boxed e-con e-parent\" data-id=\"6927736\" data-element_type=\"container\" data-settings=\"{&quot;jet_parallax_layout_list&quot;:[],&quot;content_width&quot;:&quot;boxed&quot;}\" data-core-v316-plus=\"true\">\n\t\t\t\t\t<div class=\"e-con-inner\">\n\t\t\t\t<div class=\"elementor-element elementor-element-7da3c3d elementor-cta--layout-image-left elementor-cta--skin-classic elementor-animated-content elementor-bg-transform elementor-bg-transform-zoom-in elementor-widget elementor-widget-call-to-action\" data-id=\"7da3c3d\" data-element_type=\"widget\" data-widget_type=\"call-to-action.default\">\n\t\t\t\t<div class=\"elementor-widget-container\">\n\t\t\t\t\t<div class=\"elementor-cta\">\n\t\t\t\t\t<div class=\"elementor-cta__bg-wrapper\">\n\t\t\t\t<div class=\"elementor-cta__bg elementor-bg\" style=\"background-image: url(https:\/\/villamerlonero.com\/wp-content\/uploads\/retreats-yoga-768x1024.jpeg);\" role=\"img\" aria-label=\"retreats yoga\"><\/div>\n\t\t\t\t<div class=\"elementor-cta__bg-overlay\"><\/div>\n\t\t\t<\/div>\n\t\t\t\t\t\t\t<div class=\"elementor-cta__content\">\n\t\t\t\t\n\t\t\t\t\t\t\t\t\t<h2 class=\"elementor-cta__title elementor-cta__content-item elementor-content-item\">\n\t\t\t\t\t\tRitiri\t\t\t\t\t<\/h2>\n\t\t\t\t\n\t\t\t\t\t\t\t\t\t<div class=\"elementor-cta__description elementor-cta__content-item elementor-content-item\">\n\t\t\t\t\t\tFuggi a Villa Merlo Nero, dove il Rinascimento prende vita tra affreschi mozzafiato e volte storiche. Lasciati ispirare dalla bellezza senza tempo della Toscana durante la tua pratica di yoga, respirando l\u2019arte di secoli passati. Ogni momento \u00e8 un viaggio di scoperta e meraviglia, che tu stia cercando benessere, creativit\u00e0 o semplicemente un assaggio di la dolce vita.\nConcediti sessioni quotidiane di yoga, libera il tuo estro creativo con ritiri di pittura o perditi nella magia del nostro Labirinto Italiano. Assapora i sapori della Toscana con corsi di cucina pratici, scopri vini pregiati o goditi una vivace pizza party sotto le stelle.\nLa nostra villa \u00e8 un santuario dove arte, natura e gastronomia si incontrano.\n\u00c8 possibile organizzare ritiri privati presso la nostra Tenuta, creando momenti che lasceranno chiunque rigenerato, ispirato e incantato.\nVivi con noi l\u2019essenza della Toscana.\t\t\t\t\t<\/div>\n\t\t\t\t\n\t\t\t\t\t\t\t<\/div>\n\t\t\t\t\t\t<\/div>\n\t\t\t\t<\/div>\n\t\t\t\t<\/div>\n\t\t\t\t\t<\/div>\n\t\t\t\t<\/div>\n\t\t\t\t\t\t\t<\/div>\n\t\t","protected":false},"excerpt":{"rendered":"<p>SERVIZI ED ESPERIENZE TOSCANE Il nostro obiettivo \u00e8 creare per i nostri ospiti un&#8217;esperienza unica in Toscana e possiamo fornire assistenza nella pianificazione di ricordi speciali: Pizza Party con un Pizzaiolo privato. Chef privati per deliziose cene, pranzi o colazioni Pranzi\/cene alla griglia con la rinomata Bistecca alla Fiorentina presso la nostra griglia a bordo&#8230;<\/p>\n","protected":false},"author":1,"featured_media":1704,"parent":0,"menu_order":8,"comment_status":"closed","ping_status":"closed","template":"","meta":{"_acf_changed":false,"footnotes":""},"categories":[],"tags":[29],"class_list":["post-1147","page","type-page","status-publish","has-post-thumbnail","hentry","tag-fixed-nav-it"],"acf":[],"yoast_head":"<!-- This site is optimized with the Yoast SEO plugin v25.8 - https:\/\/yoast.com\/wordpress\/plugins\/seo\/ -->\n<title>Esperienze - Villa Merlo Nero<\/title>\n<meta name=\"robots\" content=\"index, follow, max-snippet:-1, max-image-preview:large, max-video-preview:-1\" \/>\n<link rel=\"canonical\" href=\"https:\/\/villamerlonero.com\/experiences\/\" \/>\n<meta property=\"og:locale\" content=\"it_IT\" \/>\n<meta property=\"og:type\" content=\"article\" \/>\n<meta property=\"og:title\" content=\"Esperienze - Villa Merlo Nero\" \/>\n<meta property=\"og:description\" content=\"SERVIZI ED ESPERIENZE TOSCANE Il nostro obiettivo \u00e8 creare per i nostri ospiti un&#8217;esperienza unica in Toscana e possiamo fornire assistenza nella pianificazione di ricordi speciali: Pizza Party con un Pizzaiolo privato. Chef privati per deliziose cene, pranzi o colazioni Pranzi\/cene alla griglia con la rinomata Bistecca alla Fiorentina presso la nostra griglia a bordo...\" \/>\n<meta property=\"og:url\" content=\"https:\/\/villamerlonero.com\/experiences\/\" \/>\n<meta property=\"og:site_name\" content=\"Villa Merlo Nero\" \/>\n<meta property=\"article:modified_time\" content=\"2025-10-15T14:03:47+00:00\" \/>\n<meta property=\"og:image\" content=\"https:\/\/villamerlonero.com\/wp-content\/uploads\/foto-2.jpeg\" \/>\n\t<meta property=\"og:image:width\" content=\"1440\" \/>\n\t<meta property=\"og:image:height\" content=\"1920\" \/>\n\t<meta property=\"og:image:type\" content=\"image\/jpeg\" \/>\n<meta name=\"twitter:card\" content=\"summary_large_image\" \/>\n<meta name=\"twitter:label1\" content=\"Tempo di lettura stimato\" \/>\n\t<meta name=\"twitter:data1\" content=\"3 minuti\" \/>\n<script type=\"application\/ld+json\" class=\"yoast-schema-graph\">{\"@context\":\"https:\/\/schema.org\",\"@graph\":[{\"@type\":\"WebPage\",\"@id\":\"https:\/\/villamerlonero.com\/experiences\/\",\"url\":\"https:\/\/villamerlonero.com\/experiences\/\",\"name\":\"Esperienze - Villa Merlo Nero\",\"isPartOf\":{\"@id\":\"https:\/\/villamerlonero.com\/#website\"},\"primaryImageOfPage\":{\"@id\":\"https:\/\/villamerlonero.com\/experiences\/#primaryimage\"},\"image\":{\"@id\":\"https:\/\/villamerlonero.com\/experiences\/#primaryimage\"},\"thumbnailUrl\":\"https:\/\/villamerlonero.com\/wp-content\/uploads\/foto-2.jpeg\",\"datePublished\":\"2023-12-18T15:23:43+00:00\",\"dateModified\":\"2025-10-15T14:03:47+00:00\",\"breadcrumb\":{\"@id\":\"https:\/\/villamerlonero.com\/experiences\/#breadcrumb\"},\"inLanguage\":\"it-IT\",\"potentialAction\":[{\"@type\":\"ReadAction\",\"target\":[\"https:\/\/villamerlonero.com\/experiences\/\"]}]},{\"@type\":\"ImageObject\",\"inLanguage\":\"it-IT\",\"@id\":\"https:\/\/villamerlonero.com\/experiences\/#primaryimage\",\"url\":\"https:\/\/villamerlonero.com\/wp-content\/uploads\/foto-2.jpeg\",\"contentUrl\":\"https:\/\/villamerlonero.com\/wp-content\/uploads\/foto-2.jpeg\",\"width\":1440,\"height\":1920},{\"@type\":\"BreadcrumbList\",\"@id\":\"https:\/\/villamerlonero.com\/experiences\/#breadcrumb\",\"itemListElement\":[{\"@type\":\"ListItem\",\"position\":1,\"name\":\"Home\",\"item\":\"https:\/\/villamerlonero.com\/\"},{\"@type\":\"ListItem\",\"position\":2,\"name\":\"Esperienze\"}]},{\"@type\":\"WebSite\",\"@id\":\"https:\/\/villamerlonero.com\/#website\",\"url\":\"https:\/\/villamerlonero.com\/\",\"name\":\"Villa Merlo Nero\",\"description\":\"\",\"publisher\":{\"@id\":\"https:\/\/villamerlonero.com\/#organization\"},\"potentialAction\":[{\"@type\":\"SearchAction\",\"target\":{\"@type\":\"EntryPoint\",\"urlTemplate\":\"https:\/\/villamerlonero.com\/?s={search_term_string}\"},\"query-input\":{\"@type\":\"PropertyValueSpecification\",\"valueRequired\":true,\"valueName\":\"search_term_string\"}}],\"inLanguage\":\"it-IT\"},{\"@type\":\"Organization\",\"@id\":\"https:\/\/villamerlonero.com\/#organization\",\"name\":\"Villa Merlo Nero\",\"url\":\"https:\/\/villamerlonero.com\/\",\"logo\":{\"@type\":\"ImageObject\",\"inLanguage\":\"it-IT\",\"@id\":\"https:\/\/villamerlonero.com\/#\/schema\/logo\/image\/\",\"url\":\"https:\/\/villamerlonero.com\/wp-content\/uploads\/logo\/logo-villa-merlo-nero-sfondo-beige-13.svg\",\"contentUrl\":\"https:\/\/villamerlonero.com\/wp-content\/uploads\/logo\/logo-villa-merlo-nero-sfondo-beige-13.svg\",\"width\":566.9,\"height\":578.23,\"caption\":\"Villa Merlo Nero\"},\"image\":{\"@id\":\"https:\/\/villamerlonero.com\/#\/schema\/logo\/image\/\"}}]}<\/script>\n<!-- \/ Yoast SEO plugin. -->","yoast_head_json":{"title":"Esperienze - Villa Merlo Nero","robots":{"index":"index","follow":"follow","max-snippet":"max-snippet:-1","max-image-preview":"max-image-preview:large","max-video-preview":"max-video-preview:-1"},"canonical":"https:\/\/villamerlonero.com\/experiences\/","og_locale":"it_IT","og_type":"article","og_title":"Esperienze - Villa Merlo Nero","og_description":"SERVIZI ED ESPERIENZE TOSCANE Il nostro obiettivo \u00e8 creare per i nostri ospiti un&#8217;esperienza unica in Toscana e possiamo fornire assistenza nella pianificazione di ricordi speciali: Pizza Party con un Pizzaiolo privato. Chef privati per deliziose cene, pranzi o colazioni Pranzi\/cene alla griglia con la rinomata Bistecca alla Fiorentina presso la nostra griglia a bordo...","og_url":"https:\/\/villamerlonero.com\/experiences\/","og_site_name":"Villa Merlo Nero","article_modified_time":"2025-10-15T14:03:47+00:00","og_image":[{"width":1440,"height":1920,"url":"https:\/\/villamerlonero.com\/wp-content\/uploads\/foto-2.jpeg","type":"image\/jpeg"}],"twitter_card":"summary_large_image","twitter_misc":{"Tempo di lettura stimato":"3 minuti"},"schema":{"@context":"https:\/\/schema.org","@graph":[{"@type":"WebPage","@id":"https:\/\/villamerlonero.com\/experiences\/","url":"https:\/\/villamerlonero.com\/experiences\/","name":"Esperienze - Villa Merlo Nero","isPartOf":{"@id":"https:\/\/villamerlonero.com\/#website"},"primaryImageOfPage":{"@id":"https:\/\/villamerlonero.com\/experiences\/#primaryimage"},"image":{"@id":"https:\/\/villamerlonero.com\/experiences\/#primaryimage"},"thumbnailUrl":"https:\/\/villamerlonero.com\/wp-content\/uploads\/foto-2.jpeg","datePublished":"2023-12-18T15:23:43+00:00","dateModified":"2025-10-15T14:03:47+00:00","breadcrumb":{"@id":"https:\/\/villamerlonero.com\/experiences\/#breadcrumb"},"inLanguage":"it-IT","potentialAction":[{"@type":"ReadAction","target":["https:\/\/villamerlonero.com\/experiences\/"]}]},{"@type":"ImageObject","inLanguage":"it-IT","@id":"https:\/\/villamerlonero.com\/experiences\/#primaryimage","url":"https:\/\/villamerlonero.com\/wp-content\/uploads\/foto-2.jpeg","contentUrl":"https:\/\/villamerlonero.com\/wp-content\/uploads\/foto-2.jpeg","width":1440,"height":1920},{"@type":"BreadcrumbList","@id":"https:\/\/villamerlonero.com\/experiences\/#breadcrumb","itemListElement":[{"@type":"ListItem","position":1,"name":"Home","item":"https:\/\/villamerlonero.com\/"},{"@type":"ListItem","position":2,"name":"Esperienze"}]},{"@type":"WebSite","@id":"https:\/\/villamerlonero.com\/#website","url":"https:\/\/villamerlonero.com\/","name":"Villa Merlo Nero","description":"","publisher":{"@id":"https:\/\/villamerlonero.com\/#organization"},"potentialAction":[{"@type":"SearchAction","target":{"@type":"EntryPoint","urlTemplate":"https:\/\/villamerlonero.com\/?s={search_term_string}"},"query-input":{"@type":"PropertyValueSpecification","valueRequired":true,"valueName":"search_term_string"}}],"inLanguage":"it-IT"},{"@type":"Organization","@id":"https:\/\/villamerlonero.com\/#organization","name":"Villa Merlo Nero","url":"https:\/\/villamerlonero.com\/","logo":{"@type":"ImageObject","inLanguage":"it-IT","@id":"https:\/\/villamerlonero.com\/#\/schema\/logo\/image\/","url":"https:\/\/villamerlonero.com\/wp-content\/uploads\/logo\/logo-villa-merlo-nero-sfondo-beige-13.svg","contentUrl":"https:\/\/villamerlonero.com\/wp-content\/uploads\/logo\/logo-villa-merlo-nero-sfondo-beige-13.svg","width":566.9,"height":578.23,"caption":"Villa Merlo Nero"},"image":{"@id":"https:\/\/villamerlonero.com\/#\/schema\/logo\/image\/"}}]}},"_links":{"self":[{"href":"https:\/\/villamerlonero.com\/it\/wp-json\/wp\/v2\/pages\/1147","targetHints":{"allow":["GET"]}}],"collection":[{"href":"https:\/\/villamerlonero.com\/it\/wp-json\/wp\/v2\/pages"}],"about":[{"href":"https:\/\/villamerlonero.com\/it\/wp-json\/wp\/v2\/types\/page"}],"author":[{"embeddable":true,"href":"https:\/\/villamerlonero.com\/it\/wp-json\/wp\/v2\/users\/1"}],"replies":[{"embeddable":true,"href":"https:\/\/villamerlonero.com\/it\/wp-json\/wp\/v2\/comments?post=1147"}],"version-history":[{"count":10,"href":"https:\/\/villamerlonero.com\/it\/wp-json\/wp\/v2\/pages\/1147\/revisions"}],"predecessor-version":[{"id":1787,"href":"https:\/\/villamerlonero.com\/it\/wp-json\/wp\/v2\/pages\/1147\/revisions\/1787"}],"wp:featuredmedia":[{"embeddable":true,"href":"https:\/\/villamerlonero.com\/it\/wp-json\/wp\/v2\/media\/1704"}],"wp:attachment":[{"href":"https:\/\/villamerlonero.com\/it\/wp-json\/wp\/v2\/media?parent=1147"}],"wp:term":[{"taxonomy":"category","embeddable":true,"href":"https:\/\/villamerlonero.com\/it\/wp-json\/wp\/v2\/categories?post=1147"},{"taxonomy":"post_tag","embeddable":true,"href":"https:\/\/villamerlonero.com\/it\/wp-json\/wp\/v2\/tags?post=1147"}],"curies":[{"name":"wp","href":"https:\/\/api.w.org\/{rel}","templated":true}]}}